{"id":4480,"date":"2023-08-22T10:59:26","date_gmt":"2023-08-22T13:59:26","guid":{"rendered":"https:\/\/ppged.ufvjm.edu.br\/?page_id=4480"},"modified":"2023-12-13T18:53:55","modified_gmt":"2023-12-13T21:53:55","slug":"publicacoes","status":"publish","type":"page","link":"https:\/\/ppged.ufvjm.edu.br\/?page_id=4480","title":{"rendered":"Publica\u00e7\u00f5es"},"content":{"rendered":"\n<p>ENSINO \u201c(TER)REMOTO\u201d? REFLEX\u00d5ES A PARTIR DO DESEMPENHO DE ESTUDANTES UNIVERSIT\u00c1RIOS NO PER\u00cdODO PAND\u00caMICO<\/p>\n\n\n\n<ul>\n<li><strong>Daniel Calbino Pinheiro<\/strong> &#8211; Universidade Federal de S\u00e3o Jo\u00e3o del Rei (UFSJ)<\/li>\n\n\n\n<li><strong>Geruza de F\u00e1tima Tom\u00e9 Sabino<\/strong> &#8211; Universidade Federal do Vale do Jequitinhonha e Mucuri (UFVJM)<\/li>\n<\/ul>\n\n\n\n<p><a href=\"https:\/\/revista.unitins.br\/index.php\/humanidadeseinovacao\/article\/view\/6742\">https:\/\/revista.unitins.br\/index.php\/humanidadeseinovacao\/article\/view\/6742<\/a><\/p>\n\n\n\n<p><\/p>\n\n\n\n<p><a href=\"https:\/\/periodicos.ufms.br\/index.php\/gestodebate\/article\/view\/18651\/12759\" data-type=\"URL\" data-id=\"https:\/\/periodicos.ufms.br\/index.php\/gestodebate\/article\/view\/18651\/12759\">A MEDIA\u00c7\u00c3O PEDAG\u00d3GICA DURANTE O ENSINO REMOTO EMERGENCIAL E O ENSINO DE MATEM\u00c1TICA NO ENSINO M\u00c9DIO: DESAFIOS E POSSIBILIDADE<\/a><\/p>\n\n\n\n<ul>\n<li>Fausto de Oliveira Monteiro<\/li>\n<\/ul>\n\n\n\n<ul>\n<li>Denise da Silva Braga<\/li>\n<\/ul>\n\n\n\n<p><\/p>\n\n\n\n<p><\/p>\n\n\n\n<p><strong>PERCEP\u00c7\u00d5ES DE PROFESSORES BACHAR\u00c9IS SOBRE A CONSTRU\u00c7\u00c3O DE SUA IDENTIDADE PROFISSIONAL DOCENTE<\/strong><\/p>\n\n\n\n<ul>\n<li>Maria Isabel Alencar Dias<\/li>\n\n\n\n<li>Adriana Assis Ferreira2<\/li>\n\n\n\n<li>Luciana Resende Allain<\/li>\n<\/ul>\n\n\n\n<p><a href=\"https:\/\/revistas.uepg.br\/index.php\/olhardeprofessor\/article\/view\/20335\/209209217531\" data-type=\"URL\" data-id=\"https:\/\/revistas.uepg.br\/index.php\/olhardeprofessor\/article\/view\/20335\/209209217531\">https:\/\/revistas.uepg.br\/index.php\/olhardeprofessor\/article\/view\/20335\/209209217531<\/a><\/p>\n\n\n\n<p><\/p>\n\n\n\n<p><strong>O USO DAS TIC NO ENSINO REMOTO: ENTRE POSSIBILIDADES E DESAFIOS, O QUE DIZEM OS DOCENTES?<\/strong><\/p>\n\n\n\n<ul>\n<li>Francine da Concei\u00e7\u00e3o Queiroz Mota<\/li>\n\n\n\n<li>Caroline Queiroz Santos<\/li>\n\n\n\n<li>Alexandre Ramos Fonseca<\/li>\n<\/ul>\n\n\n\n<p><a href=\"https:\/\/periodicos.ufsm.br\/reveducacao\/article\/view\/67571\">https:\/\/periodicos.ufsm.br\/reveducacao\/article\/view\/67571<\/a><\/p>\n\n\n\n<p><strong>A PRODU\u00c7\u00c3O ACAD\u00caMICA DA LINHA DE PESQUISA \u201cEDUCA\u00c7\u00c3O E TECNOLOGIAS APLICADAS EM INSTITUI\u00c7\u00d5ES EDUCACIONAIS\u201d DO MESTRADO EM EDUCA\u00c7\u00c3O DA UFVJM NO PER\u00cdODO SEGUNDO SEMESTRE DE 2019 A 2020<\/strong><\/p>\n\n\n\n<ul>\n<li><strong>Jos\u00e9 Jorge Francisco de Santana<\/strong><\/li>\n\n\n\n<li><strong>Eliane de Souza Honorato<\/strong><\/li>\n\n\n\n<li><strong>Neucy Teixeira Queiroz<\/strong><\/li>\n<\/ul>\n\n\n\n<figure class=\"wp-block-embed is-type-wp-embed is-provider-editora-pascal wp-block-embed-editora-pascal\"><div class=\"wp-block-embed__wrapper\">\n<blockquote class=\"wp-embedded-content\" data-secret=\"xQDo2MLJHh\"><a href=\"https:\/\/editorapascal.com.br\/a-producao-academica-da-linha-de-pesquisa-educacao-e-tecnologias-aplicadas-em-instituicoes-educacionais-do-mestrado-em-educacao-da-ufvjm-no-periodo-segundo-semestre-de-2019-a-2020\/\">A PRODU\u00c7\u00c3O ACAD\u00caMICA DA LINHA DE PESQUISA \u201cEDUCA\u00c7\u00c3O E TECNOLOGIAS APLICADAS EM INSTITUI\u00c7\u00d5ES EDUCACIONAIS\u201d DO MESTRADO EM EDUCA\u00c7\u00c3O DA UFVJM NO PER\u00cdODO SEGUNDO SEMESTRE DE 2019 A 2020<\/a><\/blockquote><iframe class=\"wp-embedded-content\" sandbox=\"allow-scripts\" security=\"restricted\" style=\"position: absolute; clip: rect(1px, 1px, 1px, 1px);\" title=\"&#8220;A PRODU\u00c7\u00c3O ACAD\u00caMICA DA LINHA DE PESQUISA \u201cEDUCA\u00c7\u00c3O E TECNOLOGIAS APLICADAS EM INSTITUI\u00c7\u00d5ES EDUCACIONAIS\u201d DO MESTRADO EM EDUCA\u00c7\u00c3O DA UFVJM NO PER\u00cdODO SEGUNDO SEMESTRE DE 2019 A 2020&#8221; &#8212; Editora Pascal\" src=\"https:\/\/editorapascal.com.br\/a-producao-academica-da-linha-de-pesquisa-educacao-e-tecnologias-aplicadas-em-instituicoes-educacionais-do-mestrado-em-educacao-da-ufvjm-no-periodo-segundo-semestre-de-2019-a-2020\/embed\/#?secret=xQDo2MLJHh\" data-secret=\"xQDo2MLJHh\" width=\"500\" height=\"282\" frameborder=\"0\" marginwidth=\"0\" marginheight=\"0\" scrolling=\"no\"><\/iframe>\n<\/div><\/figure>\n\n\n\n<h1 class=\"wp-block-heading\">&#8220;<strong>Forma\u00e7\u00e3o stricto sensu dos servidores t\u00e9cnicos administrativos em educa\u00e7\u00e3o: percep\u00e7\u00e3o de gestores e servidores qualificados<\/strong>&#8220;<\/h1>\n\n\n\n<ul>\n<li><strong>Vin\u00edcius Ferreira Faria<\/strong>Instituto Federal do Norte de Minas Gerais (IFNMG) \/ Universidade Federal dos vales do Jequitinhonha e Mucuri (UFVJM)<a href=\"https:\/\/orcid.org\/0000-0002-9506-3885\" target=\"_blank\" rel=\"noreferrer noopener\">https:\/\/orcid.org\/0000-0002-9506-3885<\/a><\/li>\n\n\n\n<li><strong>Geruza de F\u00e1tima Tom\u00e9 Sabino<\/strong>Universidade Federal dos vales do Jequitinhonha e Mucuri (UFVJM)<a href=\"https:\/\/orcid.org\/0000-0002-2247-0869\" target=\"_blank\" rel=\"noreferrer noopener\">https:\/\/orcid.org\/0000-0002-2247-0869<\/a><\/li>\n<\/ul>\n\n\n\n<p><a href=\"https:\/\/www.reveduc.ufscar.br\/index.php\/reveduc\/article\/view\/3787\">https:\/\/www.reveduc.ufscar.br\/index.php\/reveduc\/article\/view\/3787<\/a><\/p>\n\n\n\n<p><\/p>\n\n\n\n<h2 class=\"wp-block-heading\">NOVO ENSINO M\u00c9DIO NO ESTADO DE MINAS GERAIS: ARCABOU\u00c7O LEGAL DA IMPLANTA\u00c7\u00c3O<\/h2>\n\n\n\n<p>Renata Sim\u00e3o Soares<br>Mara L\u00facia Ramalho<\/p>\n\n\n\n<p><a href=\"https:\/\/periodicos.ufjf.br\/index.php\/edufoco\/issue\/view\/1686\">https:\/\/periodicos.ufjf.br\/index.php\/edufoco\/issue\/view\/1686<\/a><\/p>\n\n\n\n<p><br><\/p>\n","protected":false},"excerpt":{"rendered":"<p>ENSINO \u201c(TER)REMOTO\u201d? REFLEX\u00d5ES A PARTIR DO DESEMPENHO DE ESTUDANTES UNIVERSIT\u00c1RIOS NO PER\u00cdODO PAND\u00caMICO https:\/\/revista.unitins.br\/index.php\/humanidadeseinovacao\/article\/view\/6742 A MEDIA\u00c7\u00c3O PEDAG\u00d3GICA DURANTE O ENSINO REMOTO EMERGENCIAL E O ENSINO DE MATEM\u00c1TICA NO ENSINO M\u00c9DIO: DESAFIOS E POSSIBILIDADE PERCEP\u00c7\u00d5ES DE PROFESSORES BACHAR\u00c9IS SOBRE A CONSTRU\u00c7\u00c3O DE SUA IDENTIDADE PROFISSIONAL DOCENTE https:\/\/revistas.uepg.br\/index.php\/olhardeprofessor\/article\/view\/20335\/209209217531 O USO DAS TIC NO ENSINO REMOTO: ENTRE POSSIBILIDADES [&hellip;]<\/p>\n","protected":false},"author":15,"featured_media":4524,"parent":0,"menu_order":0,"comment_status":"closed","ping_status":"closed","template":"","meta":[],"_links":{"self":[{"href":"https:\/\/ppged.ufvjm.edu.br\/index.php?rest_route=\/wp\/v2\/pages\/4480"}],"collection":[{"href":"https:\/\/ppged.ufvjm.edu.br\/index.php?rest_route=\/wp\/v2\/pages"}],"about":[{"href":"https:\/\/ppged.ufvjm.edu.br\/index.php?rest_route=\/wp\/v2\/types\/page"}],"author":[{"embeddable":true,"href":"https:\/\/ppged.ufvjm.edu.br\/index.php?rest_route=\/wp\/v2\/users\/15"}],"replies":[{"embeddable":true,"href":"https:\/\/ppged.ufvjm.edu.br\/index.php?rest_route=%2Fwp%2Fv2%2Fcomments&post=4480"}],"version-history":[{"count":5,"href":"https:\/\/ppged.ufvjm.edu.br\/index.php?rest_route=\/wp\/v2\/pages\/4480\/revisions"}],"predecessor-version":[{"id":4537,"href":"https:\/\/ppged.ufvjm.edu.br\/index.php?rest_route=\/wp\/v2\/pages\/4480\/revisions\/4537"}],"wp:featuredmedia":[{"embeddable":true,"href":"https:\/\/ppged.ufvjm.edu.br\/index.php?rest_route=\/wp\/v2\/media\/4524"}],"wp:attachment":[{"href":"https:\/\/ppged.ufvjm.edu.br\/index.php?rest_route=%2Fwp%2Fv2%2Fmedia&parent=4480"}],"curies":[{"name":"wp","href":"https:\/\/api.w.org\/{rel}","templated":true}]}}