{"id":328,"date":"2019-07-31T18:03:43","date_gmt":"2019-07-31T21:03:43","guid":{"rendered":"http:\/\/www4.ict.ufvjm.edu.br\/?page_id=328"},"modified":"2022-09-08T08:11:11","modified_gmt":"2022-09-08T11:11:11","slug":"editais","status":"publish","type":"page","link":"https:\/\/ppged.ufvjm.edu.br\/?page_id=328","title":{"rendered":"Editais de Sele\u00e7\u00e3o"},"content":{"rendered":"\n<p class=\"justify\"><strong>Edital 05\/2023 &#8211; <\/strong>Sele\u00e7\u00e3o para o Programa de P\u00f3s-gradua\u00e7\u00e3o em Educa\u00e7\u00e3o para o primeiro semestre acad\u00eamico do ano de 2023<br><a href=\"https:\/\/portal.ufvjm.edu.br\/editais\/prppg\/stricto-sensu\/2023\/2023-1\/programa-de-pos-graduacao-em-educacao\">Edital<\/a><\/p>\n\n\n\n<p class=\"justify\"><strong>Edital 12\/2022 &#8211; <\/strong>Sele\u00e7\u00e3o para o Programa de P\u00f3s-gradua\u00e7\u00e3o em Educa\u00e7\u00e3o para o primeiro semestre acad\u00eamico do ano de 2022<br><a rel=\"noreferrer noopener\" href=\"https:\/\/portal.ufvjm.edu.br\/editais\/prppg\/stricto-sensu\/2022\/2022-1\/programa-de-pos-graduacao-em-educacao\" target=\"_blank\">Edital<\/a><\/p>\n\n\n\n<p><strong>Edital 31\/2020 &#8211; <\/strong>Sele\u00e7\u00e3o para o Programa de P\u00f3s-gradua\u00e7\u00e3o em Educa\u00e7\u00e3o para o segundo semestre acad\u00eamico do ano de 2020<br><a href=\"https:\/\/portal.ufvjm.edu.br\/editais\/prppg\/stricto-sensu\/2020\/programa-de-pos-graduacao-em-educacao\/edital-31-2020-prppg\/edital-31-2020-selecao-para-o-programa-de-pos-graduacao-em-educacao-no-segundo-semestre-de-2020\" target=\"_blank\" rel=\"noreferrer noopener\">Edital<\/a><\/p>\n\n\n\n<p><strong>Edital 40\/2019 &#8211; <\/strong>Sele\u00e7\u00e3o para o Programa de P\u00f3s-gradua\u00e7\u00e3o em Educa\u00e7\u00e3o para o segundo semestre acad\u00eamico do ano de 2019<br><a href=\"http:\/\/prppg.ufvjm.edu.br\/index.php?option=com_edocman&amp;view=category&amp;id=353&amp;Itemid=136&amp;limitstart=0\" data-type=\"URL\" data-id=\"http:\/\/prppg.ufvjm.edu.br\/index.php?option=com_edocman&amp;view=category&amp;id=353&amp;Itemid=136&amp;limitstart=0\" target=\"_blank\" rel=\"noreferrer noopener\">Edital<\/a><\/p>\n\n\n\n<p><strong>Edital 29\/2018 &#8211; <\/strong>Sele\u00e7\u00e3o para o Programa de P\u00f3s-gradua\u00e7\u00e3o em Educa\u00e7\u00e3o para o segundo semestre acad\u00eamico do ano de 2019<br><a href=\"http:\/\/prppg.ufvjm.edu.br\/index.php?option=com_edocman&amp;view=category&amp;id=263&amp;Itemid=136\" data-type=\"URL\" data-id=\"http:\/\/prppg.ufvjm.edu.br\/index.php?option=com_edocman&amp;view=category&amp;id=263&amp;Itemid=136\" target=\"_blank\" rel=\"noreferrer noopener\">Edital<\/a><\/p>\n\n\n\n<p><strong>Editais 35, 37 e 38\/2017  &#8211; <\/strong>Sele\u00e7\u00e3o para o Programa de P\u00f3s-gradua\u00e7\u00e3o em Educa\u00e7\u00e3o para o segundo semestre acad\u00eamico do ano de 2017<br><a rel=\"noreferrer noopener\" href=\"http:\/\/novo.ufvjm.edu.br\/ppged\/category\/2017\/\" data-type=\"URL\" data-id=\"http:\/\/novo.ufvjm.edu.br\/ppged\/category\/2017\/\" target=\"_blank\">Editais<\/a><\/p>\n\n\n\n<p><strong>Editais 17\/2016  &#8211; <\/strong>Sele\u00e7\u00e3o para o Programa de P\u00f3s-gradua\u00e7\u00e3o em Educa\u00e7\u00e3o para o segundo semestre acad\u00eamico do ano de 2016<br><a rel=\"noreferrer noopener\" href=\"http:\/\/www.ufvjm.edu.br\/noticias\/6173-2016-08-02-18-02-39.html\" data-type=\"URL\" data-id=\"http:\/\/www.ufvjm.edu.br\/noticias\/6173-2016-08-02-18-02-39.html\" target=\"_blank\">Edital<\/a><br><a href=\"http:\/\/www.ufvjm.edu.br\/noticias\/6371-2016-09-29-14-27-15.html?lang=pt_BR.utf8%2C+pt_BR.UT\" data-type=\"URL\" data-id=\"http:\/\/www.ufvjm.edu.br\/noticias\/6371-2016-09-29-14-27-15.html?lang=pt_BR.utf8%2C+pt_BR.UT\">Resultado final<\/a><\/p>\n\n\n\n<p><strong>Editais 16\/2015  &#8211; <\/strong>Sele\u00e7\u00e3o para o Programa de P\u00f3s-gradua\u00e7\u00e3o em Educa\u00e7\u00e3o para o segundo semestre acad\u00eamico do ano de 2015<br><a href=\"http:\/\/www.ufvjm.edu.br\/prppg\/index.php?option=com_docman&amp;task=doc_view&amp;gid=2994&amp;Itemid=839\" data-type=\"URL\" data-id=\"http:\/\/www.ufvjm.edu.br\/prppg\/index.php?option=com_docman&amp;task=doc_view&amp;gid=2994&amp;Itemid=839\" target=\"_blank\" rel=\"noreferrer noopener\">Edital<\/a><br><a href=\"http:\/\/www.ufvjm.edu.br\/prppg\/index.php?option=com_docman&amp;task=doc_view&amp;gid=3088&amp;Itemid=839\" data-type=\"URL\" data-id=\"http:\/\/www.ufvjm.edu.br\/prppg\/index.php?option=com_docman&amp;task=doc_view&amp;gid=3088&amp;Itemid=839\">Etapa 1<\/a><br><a href=\"http:\/\/ufvjm.edu.br\/prppg\/index.php?option=com_docman&amp;task=doc_view&amp;gid=3090&amp;Itemid=83\" data-type=\"URL\" data-id=\"http:\/\/ufvjm.edu.br\/prppg\/index.php?option=com_docman&amp;task=doc_view&amp;gid=3090&amp;Itemid=83\">Entrevistas<\/a><\/p>\n","protected":false},"excerpt":{"rendered":"<p>Edital 05\/2023 &#8211; Sele\u00e7\u00e3o para o Programa de P\u00f3s-gradua\u00e7\u00e3o em Educa\u00e7\u00e3o para o primeiro semestre acad\u00eamico do ano de 2023Edital Edital 12\/2022 &#8211; Sele\u00e7\u00e3o para o Programa de P\u00f3s-gradua\u00e7\u00e3o em Educa\u00e7\u00e3o para o primeiro semestre acad\u00eamico do ano de 2022Edital Edital 31\/2020 &#8211; Sele\u00e7\u00e3o para o Programa de P\u00f3s-gradua\u00e7\u00e3o em Educa\u00e7\u00e3o para o segundo semestre [&hellip;]<\/p>\n","protected":false},"author":1,"featured_media":0,"parent":318,"menu_order":0,"comment_status":"closed","ping_status":"closed","template":"","meta":[],"_links":{"self":[{"href":"https:\/\/ppged.ufvjm.edu.br\/index.php?rest_route=\/wp\/v2\/pages\/328"}],"collection":[{"href":"https:\/\/ppged.ufvjm.edu.br\/index.php?rest_route=\/wp\/v2\/pages"}],"about":[{"href":"https:\/\/ppged.ufvjm.edu.br\/index.php?rest_route=\/wp\/v2\/types\/page"}],"author":[{"embeddable":true,"href":"https:\/\/ppged.ufvjm.edu.br\/index.php?rest_route=\/wp\/v2\/users\/1"}],"replies":[{"embeddable":true,"href":"https:\/\/ppged.ufvjm.edu.br\/index.php?rest_route=%2Fwp%2Fv2%2Fcomments&post=328"}],"version-history":[{"count":3,"href":"https:\/\/ppged.ufvjm.edu.br\/index.php?rest_route=\/wp\/v2\/pages\/328\/revisions"}],"predecessor-version":[{"id":4371,"href":"https:\/\/ppged.ufvjm.edu.br\/index.php?rest_route=\/wp\/v2\/pages\/328\/revisions\/4371"}],"up":[{"embeddable":true,"href":"https:\/\/ppged.ufvjm.edu.br\/index.php?rest_route=\/wp\/v2\/pages\/318"}],"wp:attachment":[{"href":"https:\/\/ppged.ufvjm.edu.br\/index.php?rest_route=%2Fwp%2Fv2%2Fmedia&parent=328"}],"curies":[{"name":"wp","href":"https:\/\/api.w.org\/{rel}","templated":true}]}}