{"id":324,"date":"2019-07-31T18:03:09","date_gmt":"2019-07-31T20:03:09","guid":{"rendered":"http:\/\/www4.ict.ufvjm.edu.br\/?page_id=324"},"modified":"2023-06-06T09:58:55","modified_gmt":"2023-06-06T12:58:55","slug":"coordenacoes","status":"publish","type":"page","link":"https:\/\/ppged.ufvjm.edu.br\/?page_id=324","title":{"rendered":"Coordena\u00e7\u00e3o"},"content":{"rendered":"\n<p><strong><strong>Profa. Dra. Denise da Silva Braga<\/strong><br><\/strong>Coordenadora <br><strong>Prof. Dr. Leonardo Santos Neves<br><\/strong>Vice-coordenador<br>E-mail: <a href=\"mailto:ppged@ufvjm.edu.br\">ppged@ufvjm.edu.br<\/a><\/p>\n\n\n\n<p><strong>C\u00edntia Quirino C\u00e2mara<br><\/strong>Secret\u00e1ria<br>Telefone: (38) 3532-1200 Ramal 1219<br>E-mail:&nbsp;<a href=\"mailto:secretaria.ppged@ufvjm.edu.br\">secretaria.ppged@ufvjm.edu.br<\/a><\/p>\n","protected":false},"excerpt":{"rendered":"<p>Profa. Dra. Denise da Silva BragaCoordenadora Prof. Dr. Leonardo Santos NevesVice-coordenadorE-mail: ppged@ufvjm.edu.br C\u00edntia Quirino C\u00e2maraSecret\u00e1riaTelefone: (38) 3532-1200 Ramal 1219E-mail:&nbsp;secretaria.ppged@ufvjm.edu.br<\/p>\n","protected":false},"author":1,"featured_media":0,"parent":318,"menu_order":0,"comment_status":"closed","ping_status":"closed","template":"","meta":[],"_links":{"self":[{"href":"https:\/\/ppged.ufvjm.edu.br\/index.php?rest_route=\/wp\/v2\/pages\/324"}],"collection":[{"href":"https:\/\/ppged.ufvjm.edu.br\/index.php?rest_route=\/wp\/v2\/pages"}],"about":[{"href":"https:\/\/ppged.ufvjm.edu.br\/index.php?rest_route=\/wp\/v2\/types\/page"}],"author":[{"embeddable":true,"href":"https:\/\/ppged.ufvjm.edu.br\/index.php?rest_route=\/wp\/v2\/users\/1"}],"replies":[{"embeddable":true,"href":"https:\/\/ppged.ufvjm.edu.br\/index.php?rest_route=%2Fwp%2Fv2%2Fcomments&post=324"}],"version-history":[{"count":6,"href":"https:\/\/ppged.ufvjm.edu.br\/index.php?rest_route=\/wp\/v2\/pages\/324\/revisions"}],"predecessor-version":[{"id":4398,"href":"https:\/\/ppged.ufvjm.edu.br\/index.php?rest_route=\/wp\/v2\/pages\/324\/revisions\/4398"}],"up":[{"embeddable":true,"href":"https:\/\/ppged.ufvjm.edu.br\/index.php?rest_route=\/wp\/v2\/pages\/318"}],"wp:attachment":[{"href":"https:\/\/ppged.ufvjm.edu.br\/index.php?rest_route=%2Fwp%2Fv2%2Fmedia&parent=324"}],"curies":[{"name":"wp","href":"https:\/\/api.w.org\/{rel}","templated":true}]}}