{"id":318,"date":"2019-07-31T18:02:05","date_gmt":"2019-07-31T21:02:05","guid":{"rendered":"http:\/\/www4.ict.ufvjm.edu.br\/?page_id=318"},"modified":"2021-11-03T20:11:59","modified_gmt":"2021-11-03T23:11:59","slug":"o-programa","status":"publish","type":"page","link":"https:\/\/ppged.ufvjm.edu.br\/?page_id=318","title":{"rendered":"Sobre o PPGEd"},"content":{"rendered":"\n<figure class=\"wp-block-image size-full\"><img decoding=\"async\" loading=\"lazy\" width=\"814\" height=\"229\" src=\"https:\/\/ppged.ict.ufvjm.edu.br\/wp-content\/uploads\/2021\/11\/CABECALHO_PPGED.png\" alt=\"\" class=\"wp-image-4180\" srcset=\"https:\/\/ppged.ufvjm.edu.br\/wp-content\/uploads\/2021\/11\/CABECALHO_PPGED.png 814w, https:\/\/ppged.ufvjm.edu.br\/wp-content\/uploads\/2021\/11\/CABECALHO_PPGED-300x84.png 300w, https:\/\/ppged.ufvjm.edu.br\/wp-content\/uploads\/2021\/11\/CABECALHO_PPGED-768x216.png 768w\" sizes=\"(max-width: 814px) 100vw, 814px\" \/><\/figure>\n\n\n\n<p class=\"has-text-align-center\"><strong>Mestrado em Educa\u00e7\u00e3o<\/strong><\/p>\n\n\n\n<p>PPGED \u2013 Programa de P\u00f3s-Gradua\u00e7\u00e3o em Educa\u00e7\u00e3o<\/p>\n\n\n\n<p><br>A UFVJM se apresenta por potencial educativo e de forma\u00e7\u00e3o profissional numa grande \u00e1rea setentrional do Estado de Minas Gerais nos pr\u00f3ximos anos. E com a consolida\u00e7\u00e3o da gradua\u00e7\u00e3o e da p\u00f3s-gradua\u00e7\u00e3o, se prop\u00f5e a realizar o Programa de P\u00f3s-Gradua\u00e7\u00e3o do Mestrado Profissional em Educa\u00e7\u00e3o para o p\u00fablico almejado dos profissionais da educa\u00e7\u00e3o tanto da Educa\u00e7\u00e3o B\u00e1sica quanto da Educa\u00e7\u00e3o Superior, preferencialmente e n\u00e3o exclusivamente, da regi\u00e3o setentrional do Estado de Minas Gerais.<\/p>\n\n\n\n<p>O universo desses profissionais da educa\u00e7\u00e3o das institui\u00e7\u00f5es educacionais tanto da Educa\u00e7\u00e3o B\u00e1sica quanto da Educa\u00e7\u00e3o Superior pode ser estimado em mais de 10 mil profissionais, que j\u00e1 possuem t\u00edtulo de gradua\u00e7\u00e3o \u2013 licenciados e bachar\u00e9is \u2013 e est\u00e3o atuando nas escolas p\u00fablicas estaduais, municipais, nas equipes de gest\u00e3o educacionais das escolas, nas Superintend\u00eancias Regionais de Ensino, nos quadros de servidores federais da educa\u00e7\u00e3o dos IFETs, CEFETs e IFES, bem como das demais IES.<\/p>\n\n\n\n<p>O objetivo do Programa \u00e9 o de qualificar professores, administradores e membros da equipe pedag\u00f3gica da educa\u00e7\u00e3o b\u00e1sica, bem como profissionais da educa\u00e7\u00e3o superior na \u00e1rea de Educa\u00e7\u00e3o e de Gest\u00e3o de Institui\u00e7\u00f5es Educacionais, numa a\u00e7\u00e3o de forma\u00e7\u00e3o continuada dos que trabalham na Educa\u00e7\u00e3o B\u00e1sica e Educa\u00e7\u00e3o Superior, no desenvolvimento de conhecimentos diversificados para a gest\u00e3o destas institui\u00e7\u00f5es e possibilitando o avan\u00e7o no conhecimento em aspectos relacionados a administra\u00e7\u00e3o, pol\u00edtica, avalia\u00e7\u00e3o e tecnologia na gest\u00e3o da educa\u00e7\u00e3o. avalia\u00e7\u00e3o, pr\u00e1ticas pedag\u00f3gicas e forma\u00e7\u00e3o de professores.<\/p>\n\n\n\n<p>Titula\u00e7\u00e3o<br>Mestre em Educa\u00e7\u00e3o<\/p>\n\n\n\n<p>Identifica\u00e7\u00e3o do Curso<br>Nome do Programa: Mestrado em Educa\u00e7\u00e3o<br>\u00c1rea B\u00e1sica: 70802025 \u2013 Administra\u00e7\u00e3o de Unidades Educativas<br>Grande \u00e1rea: 70000000 \u2013 Ci\u00eancias Humanas<br>\u00c1rea de Avalia\u00e7\u00e3o: 70800006 \u2013 Educa\u00e7\u00e3o<br>Conceito CAPES: 3<\/p>\n\n\n\n<p>Produ\u00e7\u00e3o do conhecimento que toma por objeto fen\u00f4menos da administra\u00e7\u00e3o de institui\u00e7\u00f5es educacionais, tanto da Educa\u00e7\u00e3o B\u00e1sica quanto da Educa\u00e7\u00e3o Superior, com foco na gest\u00e3o dos processos de organiza\u00e7\u00f5es, estrat\u00e9gias administrativas, de avalia\u00e7\u00e3o, associados ao cen\u00e1rio das pol\u00edticas p\u00fablicas e educacionais e da intera\u00e7\u00e3o das tecnologias na gest\u00e3o das institui\u00e7\u00f5es educacionais. Busca qualifica\u00e7\u00e3o dos profissionais da educa\u00e7\u00e3o b\u00e1sica e educa\u00e7\u00e3o superior, com foco na inova\u00e7\u00e3o e forma\u00e7\u00e3o dos profissionais que atuam nesta \u00e1rea, tendo em vista a intr\u00ednseca rela\u00e7\u00e3o entre Estado e Sociedade, com vistas a gerar conhecimentos na \u00e1rea de concentra\u00e7\u00e3o educa\u00e7\u00e3o e gest\u00e3o de institui\u00e7\u00f5es educacionais, mediante enfoque te\u00f3rico-metodol\u00f3gico, epistemol\u00f3gico, pol\u00edtico, administrativo e pedag\u00f3gico nas suas linhas de pesquisas.<\/p>\n\n\n\n<p><a href=\"http:\/\/novo.ufvjm.edu.br\/ppged\/2016\/06\/28\/disciplinas\/\">Matriz Curricular<\/a><\/p>\n\n\n\n<p><\/p>\n\n\n\n<p><\/p>\n","protected":false},"excerpt":{"rendered":"<p>Mestrado em Educa\u00e7\u00e3o PPGED \u2013 Programa de P\u00f3s-Gradua\u00e7\u00e3o em Educa\u00e7\u00e3o A UFVJM se apresenta por potencial educativo e de forma\u00e7\u00e3o profissional numa grande \u00e1rea setentrional do Estado de Minas Gerais nos pr\u00f3ximos anos. E com a consolida\u00e7\u00e3o da gradua\u00e7\u00e3o e da p\u00f3s-gradua\u00e7\u00e3o, se prop\u00f5e a realizar o Programa de P\u00f3s-Gradua\u00e7\u00e3o do Mestrado Profissional em Educa\u00e7\u00e3o [&hellip;]<\/p>\n","protected":false},"author":1,"featured_media":0,"parent":0,"menu_order":0,"comment_status":"closed","ping_status":"closed","template":"","meta":[],"_links":{"self":[{"href":"https:\/\/ppged.ufvjm.edu.br\/index.php?rest_route=\/wp\/v2\/pages\/318"}],"collection":[{"href":"https:\/\/ppged.ufvjm.edu.br\/index.php?rest_route=\/wp\/v2\/pages"}],"about":[{"href":"https:\/\/ppged.ufvjm.edu.br\/index.php?rest_route=\/wp\/v2\/types\/page"}],"author":[{"embeddable":true,"href":"https:\/\/ppged.ufvjm.edu.br\/index.php?rest_route=\/wp\/v2\/users\/1"}],"replies":[{"embeddable":true,"href":"https:\/\/ppged.ufvjm.edu.br\/index.php?rest_route=%2Fwp%2Fv2%2Fcomments&post=318"}],"version-history":[{"count":0,"href":"https:\/\/ppged.ufvjm.edu.br\/index.php?rest_route=\/wp\/v2\/pages\/318\/revisions"}],"wp:attachment":[{"href":"https:\/\/ppged.ufvjm.edu.br\/index.php?rest_route=%2Fwp%2Fv2%2Fmedia&parent=318"}],"curies":[{"name":"wp","href":"https:\/\/api.w.org\/{rel}","templated":true}]}}