{"id":304,"date":"2019-07-31T17:41:21","date_gmt":"2019-07-31T19:41:21","guid":{"rendered":"http:\/\/www4.ict.ufvjm.edu.br\/?page_id=304"},"modified":"2023-12-14T18:47:29","modified_gmt":"2023-12-14T21:47:29","slug":"resolucoes","status":"publish","type":"page","link":"https:\/\/ppged.ufvjm.edu.br\/?page_id=304","title":{"rendered":"Documentos e Resolu\u00e7\u00f5es"},"content":{"rendered":"\n<div align=\"right\">\n<span class=\"expandall\"><b>Expandir todos<\/b><\/span>\u2003\u2003\n<span class=\"collapseall\"><b>Recolher todos<\/b><\/span>\n<\/div>\n\n\n\n<hr class=\"wp-block-separator has-css-opacity\"\/>\n\n\n\n<p class=\"justify\"> <span class=\"collapseomatic \" id=\"id69e21fde161dc\"  tabindex=\"0\" title=\"&lt;strong&gt;Documentos e Resolu\u00e7\u00f5es do PPGEd&lt;\/strong&gt;\"    ><strong>Documentos e Resolu\u00e7\u00f5es do PPGEd<\/strong><\/span><div id=\"target-id69e21fde161dc\" class=\"collapseomatic_content \">   <\/p>\n\n\n\n<p class=\"justify\"><a href=\"https:\/\/drive.google.com\/file\/d\/1l3OGp65zBQiuGyrupJCR7HHzzhjtt2vt\/view?usp=sharing\" data-type=\"URL\" data-id=\"https:\/\/drive.google.com\/file\/d\/1l3OGp65zBQiuGyrupJCR7HHzzhjtt2vt\/view?usp=sharing\">Regimento Interno<\/a><\/p>\n\n\n\n<p><a href=\"https:\/\/drive.google.com\/file\/d\/1pNYTbI-Pn8N5VhQ7gyMbEoTZEZZDW5EJ\/view?usp=sharing\" data-type=\"URL\" data-id=\"https:\/\/drive.google.com\/file\/d\/1pNYTbI-Pn8N5VhQ7gyMbEoTZEZZDW5EJ\/view?usp=sharing\">Resolu\u00e7\u00e3o interna n\u00ba 1 de 16 de novembro de 2017<\/a><\/p>\n\n\n\n<p><a href=\"https:\/\/drive.google.com\/file\/d\/1navrqL-4N2kQK5jPhj5AkxawWV7KJvxd\/view?usp=sharing\" data-type=\"URL\" data-id=\"https:\/\/drive.google.com\/file\/d\/1navrqL-4N2kQK5jPhj5AkxawWV7KJvxd\/view?usp=sharing\">Resolu\u00e7\u00e3o interna n\u00ba 2 de 16 de novembro de 2017<\/a><\/p>\n\n\n\n<p><a href=\"https:\/\/drive.google.com\/file\/d\/14jtAqtdCe03b-MDVfoPyCPBTuLmMTQyn\/view?usp=sharing\">Resolu\u00e7\u00e3o L\u00edngua Estrangeira <\/a> &#8211; Substitu\u00edda pela Resolu\u00e7\u00e3o N\u00ba 4\/2023<\/p>\n\n\n\n<\/div>  <\/p>\n\n\n\n<p><a href=\"https:\/\/ppged.ufvjm.edu.br\/wp-content\/uploads\/2023\/12\/Resolucao-4_Lingua-estrangeira-PPGED.pdf\">https:\/\/ppged.ufvjm.edu.br\/wp-content\/uploads\/2023\/12\/Resolucao-4_Lingua-estrangeira-PPGED.pdf<\/a><\/p>\n\n\n\n<hr class=\"wp-block-separator has-css-opacity\"\/>\n\n\n\n<span class=\"collapseomatic \" id=\"id69e21fde1627e\"  tabindex=\"0\" title=\"&lt;strong&gt;Documentos e Resolu\u00e7\u00f5es da PRPPG&lt;\/strong&gt;\"    ><strong>Documentos e Resolu\u00e7\u00f5es da PRPPG<\/strong><\/span><div id=\"target-id69e21fde1627e\" class=\"collapseomatic_content \">  <\/p>\n\n\n\n<p><a href=\"https:\/\/portal.ufvjm.edu.br\/prppg\/servicos\/Entrega%20de%20Versao%20Final\" data-type=\"URL\" data-id=\"https:\/\/portal.ufvjm.edu.br\/prppg\/servicos\/Entrega%20de%20Versao%20Final\">Entrega de Vers\u00e3o Final e Expedi\u00e7\u00e3o de Diploma ou Certificado<\/a><\/p>\n\n\n\n<p> <\/div>\n\n\n\n<hr class=\"wp-block-separator has-css-opacity\"\/>\n","protected":false},"excerpt":{"rendered":"<p>Expandir todos\u2003\u2003 Recolher todos https:\/\/ppged.ufvjm.edu.br\/wp-content\/uploads\/2023\/12\/Resolucao-4_Lingua-estrangeira-PPGED.pdf<\/p>\n","protected":false},"author":1,"featured_media":0,"parent":130,"menu_order":0,"comment_status":"closed","ping_status":"closed","template":"","meta":[],"_links":{"self":[{"href":"https:\/\/ppged.ufvjm.edu.br\/index.php?rest_route=\/wp\/v2\/pages\/304"}],"collection":[{"href":"https:\/\/ppged.ufvjm.edu.br\/index.php?rest_route=\/wp\/v2\/pages"}],"about":[{"href":"https:\/\/ppged.ufvjm.edu.br\/index.php?rest_route=\/wp\/v2\/types\/page"}],"author":[{"embeddable":true,"href":"https:\/\/ppged.ufvjm.edu.br\/index.php?rest_route=\/wp\/v2\/users\/1"}],"replies":[{"embeddable":true,"href":"https:\/\/ppged.ufvjm.edu.br\/index.php?rest_route=%2Fwp%2Fv2%2Fcomments&post=304"}],"version-history":[{"count":6,"href":"https:\/\/ppged.ufvjm.edu.br\/index.php?rest_route=\/wp\/v2\/pages\/304\/revisions"}],"predecessor-version":[{"id":4548,"href":"https:\/\/ppged.ufvjm.edu.br\/index.php?rest_route=\/wp\/v2\/pages\/304\/revisions\/4548"}],"up":[{"embeddable":true,"href":"https:\/\/ppged.ufvjm.edu.br\/index.php?rest_route=\/wp\/v2\/pages\/130"}],"wp:attachment":[{"href":"https:\/\/ppged.ufvjm.edu.br\/index.php?rest_route=%2Fwp%2Fv2%2Fmedia&parent=304"}],"curies":[{"name":"wp","href":"https:\/\/api.w.org\/{rel}","templated":true}]}}