{"id":172,"date":"2019-07-31T11:41:02","date_gmt":"2019-07-31T13:41:02","guid":{"rendered":"http:\/\/www4.ict.ufvjm.edu.br\/?page_id=172"},"modified":"2021-11-03T20:20:18","modified_gmt":"2021-11-03T23:20:18","slug":"cursos","status":"publish","type":"page","link":"https:\/\/ppged.ufvjm.edu.br\/?page_id=172","title":{"rendered":"Linhas de Pesquisa"},"content":{"rendered":"\n<h2 class=\"wp-block-heading\"><strong>Linha 1: GEST\u00c3O DE INSTITUI\u00c7\u00d5ES EDUCACIONAIS<\/strong><\/h2>\n\n\n\n<p><strong>\u00c1rea de concentra\u00e7\u00e3o a que se vincula:Educa\u00e7\u00e3o e Gest\u00e3o de Institui\u00e7\u00f5es Educacionais<\/strong><\/p>\n\n\n\n<p>Descri\u00e7\u00e3o\/caracteriza\u00e7\u00e3o: A linha realiza estudos e pesquisas sobre a gest\u00e3o de institui\u00e7\u00f5es educacionais da Educa\u00e7\u00e3o B\u00e1sica e da Educa\u00e7\u00e3o Superior nos complexos e m\u00faltiplos cen\u00e1rios, contemplando os eixos da gest\u00e3o or\u00e7ament\u00e1ria, financeira, do conhecimento, da informa\u00e7\u00e3o, do estabelecimento de contratos, conv\u00eanios, de projetos, associadas \u00e0 \u00e9tica profissional e a tecnologia na gest\u00e3o educacional. Busca qualifica\u00e7\u00e3o dos profissionais da educa\u00e7\u00e3o com foco para contribuir no exerc\u00edcio da gest\u00e3o de institui\u00e7\u00f5es educacionais.<\/p>\n\n\n\n<h2 class=\"wp-block-heading\"><strong>Linha 2<\/strong>: EDUCA\u00c7\u00c3O, SUJEITOS, SOCIEDADE, HIST\u00d3RIA DA EDUCA\u00c7\u00c3O E POL\u00cdTICAS P\u00daBLICAS EDUCACIONAIS<\/h2>\n\n\n\n<p><strong>\u00c1rea de concentra\u00e7\u00e3o a que se vincula: Educa\u00e7\u00e3o e Gest\u00e3o de Institui\u00e7\u00f5es Educacionais<\/strong><\/p>\n\n\n\n<p>Descri\u00e7\u00e3o\/caracteriza\u00e7\u00e3o: A linha realiza estudos e pesquisas da intera\u00e7\u00e3o da educa\u00e7\u00e3o entre os sujeitos individuais e institucionais na sociedade pelas perspectivas de an\u00e1lises da Hist\u00f3ria da Educa\u00e7\u00e3o e das pol\u00edticas p\u00fablicas e educacionais, tendo por eixos tem\u00e1ticos, numa primeira, hist\u00f3ria da educa\u00e7\u00e3o, da produ\u00e7\u00e3o cultural de sujeitos individuais e de institui\u00e7\u00f5es educativas, da cultura escolar, e das tecnologias educativas. Na segunda, a finalidade e papel do estado, das institui\u00e7\u00f5es educativas, na elabora\u00e7\u00e3o e execu\u00e7\u00e3o dos planos, programas e projetos educacionais, e a busca da gest\u00e3o democr\u00e1tica, no contexto da sociedade capitalista.<\/p>\n\n\n\n<h2 class=\"wp-block-heading\">Linha 3: EDUCA\u00c7\u00c3O E TECNOLOGIAS APLICADAS EM INSTITUI\u00c7\u00d5ES EDUCACIONAIS<\/h2>\n\n\n\n<p><strong>\u00c1rea de concentra\u00e7\u00e3o a que se vincula: Educa\u00e7\u00e3o e Gest\u00e3o de Institui\u00e7\u00f5es Educacionais<\/strong><\/p>\n\n\n\n<p>Descri\u00e7\u00e3o\/caracteriza\u00e7\u00e3o: Realiza estudos e pesquisas sobre os aspectos que alicer\u00e7am quest\u00f5es da educa\u00e7\u00e3o em intera\u00e7\u00f5es do uso de tecnologias de informa\u00e7\u00e3o e comunica\u00e7\u00e3o aplicadas na Educa\u00e7\u00e3o B\u00e1sica e na Educa\u00e7\u00e3o Superior, suas rela\u00e7\u00f5es no contexto interno e externo das institui\u00e7\u00f5es, associados \u00e0s intera\u00e7\u00f5es com as pol\u00edticas educacionais, as tecnologias na gest\u00e3o educacional e as an\u00e1lises dos resultados. Dissemina\u00e7\u00e3o das tecnologias de informa\u00e7\u00e3o e comunica\u00e7\u00e3o na sociedade, compreender seus impactos nos processos educacionais e avaliativos, tanto na educa\u00e7\u00e3o presencial como \u00e0 dist\u00e2ncia. Discuss\u00f5es que partem das tens\u00f5es entre, de um lado, as mudan\u00e7as tecnol\u00f3gicas, que reconfiguram a cultura contempor\u00e2nea e as pr\u00e1ticas sociais e, de outro, a educa\u00e7\u00e3o com seus processos avaliativos. Assim, compreender os impactos das tecnologias de informa\u00e7\u00e3o e comunica\u00e7\u00e3o nos modos de ver, viver e conviver no mundo, os processos avaliativos, nas fun\u00e7\u00f5es de gest\u00e3o e pr\u00e1ticas docentes.<\/p>\n\n\n\n<h2 class=\"wp-block-heading\">Linha 4: CURR\u00cdCULOS, AVALIA\u00c7\u00c3O, PR\u00c1TICAS PEDAG\u00d3GICAS E FORMA\u00c7\u00c3O DE PROFESSORES<\/h2>\n\n\n\n<p><strong>\u00c1rea de concentra\u00e7\u00e3o a que se vincula: Educa\u00e7\u00e3o e Gest\u00e3o de Institui\u00e7\u00f5es Educacionais<\/strong><\/p>\n\n\n\n<p>Descri\u00e7\u00e3o\/caracteriza\u00e7\u00e3o: Realizar estudos e pesquisas que investigam os curr\u00edculos escolares e n\u00e3o escolares, as pol\u00edticas de avalia\u00e7\u00e3o e de curr\u00edculo, as pr\u00e1ticas produzidas por esses curr\u00edculos, os processos de avalia\u00e7\u00e3o do ensino e da aprendizagem e a forma\u00e7\u00e3o de professores da educa\u00e7\u00e3o superior, b\u00e1sica, inicial e continuada.<\/p>\n","protected":false},"excerpt":{"rendered":"<p>Linha 1: GEST\u00c3O DE INSTITUI\u00c7\u00d5ES EDUCACIONAIS \u00c1rea de concentra\u00e7\u00e3o a que se vincula:Educa\u00e7\u00e3o e Gest\u00e3o de Institui\u00e7\u00f5es Educacionais Descri\u00e7\u00e3o\/caracteriza\u00e7\u00e3o: A linha realiza estudos e pesquisas sobre a gest\u00e3o de institui\u00e7\u00f5es educacionais da Educa\u00e7\u00e3o B\u00e1sica e da Educa\u00e7\u00e3o Superior nos complexos e m\u00faltiplos cen\u00e1rios, contemplando os eixos da gest\u00e3o or\u00e7ament\u00e1ria, financeira, do conhecimento, da informa\u00e7\u00e3o, do [&hellip;]<\/p>\n","protected":false},"author":1,"featured_media":0,"parent":0,"menu_order":0,"comment_status":"closed","ping_status":"closed","template":"","meta":[],"_links":{"self":[{"href":"https:\/\/ppged.ufvjm.edu.br\/index.php?rest_route=\/wp\/v2\/pages\/172"}],"collection":[{"href":"https:\/\/ppged.ufvjm.edu.br\/index.php?rest_route=\/wp\/v2\/pages"}],"about":[{"href":"https:\/\/ppged.ufvjm.edu.br\/index.php?rest_route=\/wp\/v2\/types\/page"}],"author":[{"embeddable":true,"href":"https:\/\/ppged.ufvjm.edu.br\/index.php?rest_route=\/wp\/v2\/users\/1"}],"replies":[{"embeddable":true,"href":"https:\/\/ppged.ufvjm.edu.br\/index.php?rest_route=%2Fwp%2Fv2%2Fcomments&post=172"}],"version-history":[{"count":0,"href":"https:\/\/ppged.ufvjm.edu.br\/index.php?rest_route=\/wp\/v2\/pages\/172\/revisions"}],"wp:attachment":[{"href":"https:\/\/ppged.ufvjm.edu.br\/index.php?rest_route=%2Fwp%2Fv2%2Fmedia&parent=172"}],"curies":[{"name":"wp","href":"https:\/\/api.w.org\/{rel}","templated":true}]}}